{"id":29,"date":"2023-05-05T10:39:43","date_gmt":"2023-05-05T10:39:43","guid":{"rendered":"https:\/\/lopezcarrasco.com\/?page_id=29"},"modified":"2023-05-09T09:11:56","modified_gmt":"2023-05-09T09:11:56","slug":"articles","status":"publish","type":"page","link":"https:\/\/lopezcarrasco.com\/en\/articles\/","title":{"rendered":"Articles"},"content":{"rendered":"<h5 class=\"wp-block-heading has-text-align-center has-white-background-color has-background\" style=\"font-style:normal;font-weight:700\">Please be aware that I only write my articles in Spanish. Sorry for the inconvenience.<\/h5>\n\n\n\n<div class=\"wp-block-query is-layout-flow wp-block-query-is-layout-flow\"><ul class=\"wp-block-post-template is-layout-flow wp-block-post-template-is-layout-flow\"><li class=\"wp-block-post post-34 post type-post status-publish format-standard hentry category-essay\">\n<h2 style=\"font-size:37px;font-style:normal;font-weight:700;text-decoration:none;text-transform:none;\" class=\"wp-block-post-title has-text-color has-primary-color\"><a href=\"https:\/\/lopezcarrasco.com\/en\/2023\/05\/05\/los-maridos-monstruosos\/\" target=\"_self\" >Los maridos monstruosos<\/a><\/h2>\n\n\n<div class=\"wp-block-columns is-not-stacked-on-mobile is-layout-flex wp-container-core-columns-is-layout-9d6595d7 wp-block-columns-is-layout-flex\">\n<div class=\"wp-block-column has-small-font-size is-layout-flow wp-block-column-is-layout-flow\"><div class=\"wp-block-post-author-name has-small-font-size\">Luis L\u00f3pez Carrasco<\/div><\/div>\n\n\n\n<div class=\"wp-block-column has-small-font-size is-layout-flow wp-block-column-is-layout-flow\"><div class=\"wp-block-post-date\"><time datetime=\"2023-05-05T10:51:49+00:00\">May 5, 2023<\/time><\/div><\/div>\n\n\n\n<div class=\"wp-block-column has-small-font-size is-layout-flow wp-block-column-is-layout-flow\"><div class=\"taxonomy-category wp-block-post-terms\"><a href=\"https:\/\/lopezcarrasco.com\/en\/category\/essay\/\" rel=\"tag\">Essay<\/a><\/div><\/div>\n<\/div>\n\n\n<div class=\"wp-block-post-excerpt\"><p class=\"wp-block-post-excerpt__excerpt\">El Ministerio. CTXT. 29 de marzo de 2020. Relato minucioso del mundo de la prostituci\u00f3n y el desarrollo de la industria del porno en torno a Times Square en los a\u00f1os setenta y ochenta, \u2018The Deuce\u2019, \u00faltimo proyecto de David Simon y George Pelecanos para HBO, examina las formas de dominaci\u00f3n patriarcal, explotaci\u00f3n laboral y<\/p><p class=\"wp-block-post-excerpt__more-text\"><a class=\"wp-block-post-excerpt__more-link\" href=\"https:\/\/lopezcarrasco.com\/en\/2023\/05\/05\/los-maridos-monstruosos\/\"><br>Leer m\u00e1s<\/a><\/p><\/div>\n\n\n<hr class=\"wp-block-separator has-css-opacity\"\/>\n\n<\/li><li class=\"wp-block-post post-1 post type-post status-publish format-standard hentry category-in-media\">\n<h2 style=\"font-size:37px;font-style:normal;font-weight:700;text-decoration:none;text-transform:none;\" class=\"wp-block-post-title has-text-color has-primary-color\"><a href=\"https:\/\/lopezcarrasco.com\/en\/2023\/05\/05\/hello-world\/\" target=\"_self\" >Lo pol\u00edtico y lo comprometido.<\/a><\/h2>\n\n\n<div class=\"wp-block-columns is-not-stacked-on-mobile is-layout-flex wp-container-core-columns-is-layout-9d6595d7 wp-block-columns-is-layout-flex\">\n<div class=\"wp-block-column has-small-font-size is-layout-flow wp-block-column-is-layout-flow\"><div class=\"wp-block-post-author-name has-small-font-size\">Luis L\u00f3pez Carrasco<\/div><\/div>\n\n\n\n<div class=\"wp-block-column has-small-font-size is-layout-flow wp-block-column-is-layout-flow\"><div class=\"wp-block-post-date\"><time datetime=\"2023-05-05T09:44:00+00:00\">May 5, 2023<\/time><\/div><\/div>\n\n\n\n<div class=\"wp-block-column has-small-font-size is-layout-flow wp-block-column-is-layout-flow\"><div class=\"taxonomy-category wp-block-post-terms\"><a href=\"https:\/\/lopezcarrasco.com\/en\/category\/in-media\/\" rel=\"tag\">In the Media<\/a><\/div><\/div>\n<\/div>\n\n\n<div class=\"wp-block-post-excerpt\"><p class=\"wp-block-post-excerpt__excerpt\">Dardos. El Cultural. 24 de mayo de 2022. Cuando uno teclea \u201ccine comprometido\u201d se encuentra con una categor\u00eda cuyo rasgo com\u00fan parece referir a una cierta agenda de responsabilidad social: la atenci\u00f3n a cuestiones pol\u00edticamente \u201ccandentes\u201d o la visibilizaci\u00f3n de colectivos desfavorecidos. Seg\u00fan esta distinci\u00f3n, un largometraje como Maixabel, perteneciente a la \u201cindustria\u201d, compartir\u00eda alineaci\u00f3n<\/p><p class=\"wp-block-post-excerpt__more-text\"><a class=\"wp-block-post-excerpt__more-link\" href=\"https:\/\/lopezcarrasco.com\/en\/2023\/05\/05\/hello-world\/\"><br>Leer m\u00e1s<\/a><\/p><\/div>\n\n\n<hr class=\"wp-block-separator has-css-opacity\"\/>\n\n<\/li><\/ul><\/div>","protected":false},"excerpt":{"rendered":"<p>Please be aware that I only write my articles in Spanish. Sorry for the inconvenience.<\/p>","protected":false},"author":1,"featured_media":0,"parent":0,"menu_order":0,"comment_status":"closed","ping_status":"closed","template":"","meta":{"footnotes":""},"class_list":["post-29","page","type-page","status-publish","hentry"],"_links":{"self":[{"href":"https:\/\/lopezcarrasco.com\/en\/wp-json\/wp\/v2\/pages\/29","targetHints":{"allow":["GET"]}}],"collection":[{"href":"https:\/\/lopezcarrasco.com\/en\/wp-json\/wp\/v2\/pages"}],"about":[{"href":"https:\/\/lopezcarrasco.com\/en\/wp-json\/wp\/v2\/types\/page"}],"author":[{"embeddable":true,"href":"https:\/\/lopezcarrasco.com\/en\/wp-json\/wp\/v2\/users\/1"}],"replies":[{"embeddable":true,"href":"https:\/\/lopezcarrasco.com\/en\/wp-json\/wp\/v2\/comments?post=29"}],"version-history":[{"count":10,"href":"https:\/\/lopezcarrasco.com\/en\/wp-json\/wp\/v2\/pages\/29\/revisions"}],"predecessor-version":[{"id":301,"href":"https:\/\/lopezcarrasco.com\/en\/wp-json\/wp\/v2\/pages\/29\/revisions\/301"}],"wp:attachment":[{"href":"https:\/\/lopezcarrasco.com\/en\/wp-json\/wp\/v2\/media?parent=29"}],"curies":[{"name":"wp","href":"https:\/\/api.w.org\/{rel}","templated":true}]}}