{"id":26,"date":"2023-05-05T10:38:08","date_gmt":"2023-05-05T10:38:08","guid":{"rendered":"https:\/\/lopezcarrasco.com\/?page_id=26"},"modified":"2023-05-09T10:49:40","modified_gmt":"2023-05-09T10:49:40","slug":"books","status":"publish","type":"page","link":"https:\/\/lopezcarrasco.com\/en\/books\/","title":{"rendered":"Books"},"content":{"rendered":"<div class=\"wp-block-columns alignwide is-layout-flex wp-container-core-columns-is-layout-9d6595d7 wp-block-columns-is-layout-flex\">\n<div class=\"wp-block-column is-layout-flow wp-block-column-is-layout-flow\" style=\"flex-basis:50%\">\n<div class=\"wp-block-cover is-light\" style=\"min-height:600px;aspect-ratio:unset;\"><span aria-hidden=\"true\" class=\"wp-block-cover__background has-background-dim-100 has-background-dim\" style=\"background-color:#f6f6f6\"><\/span><div class=\"wp-block-cover__inner-container is-layout-flow wp-block-cover-is-layout-flow\"><div class=\"wp-block-image\">\n<figure class=\"aligncenter size-full\"><img loading=\"lazy\" decoding=\"async\" width=\"246\" height=\"445\" src=\"https:\/\/lopezcarrasco.com\/wp-content\/uploads\/2023\/05\/portadaeuropa_recortada.jpg\" alt=\"\" class=\"wp-image-127\" srcset=\"https:\/\/lopezcarrasco.com\/wp-content\/uploads\/2023\/05\/portadaeuropa_recortada.jpg 246w, https:\/\/lopezcarrasco.com\/wp-content\/uploads\/2023\/05\/portadaeuropa_recortada-166x300.jpg 166w\" sizes=\"auto, (max-width: 246px) 100vw, 246px\" \/><\/figure>\n<\/div><\/div><\/div>\n<\/div>\n\n\n\n<div class=\"wp-block-column is-vertically-aligned-center is-layout-flow wp-block-column-is-layout-flow\" style=\"padding-top:1em;padding-right:1em;padding-bottom:1em;padding-left:1em\">\n<h2 class=\"wp-block-heading\">EUROPA<\/h2>\n\n\n\n<p>Short Stories \/ 144 pages \/ 2014 \/ Ed. Gollar\u00edn<\/p>\n\n\n\n<p>A father has the dubious pleasure of seeing his adolescent son's dreams on a virtual player, a long-term unemployed person decides to retire to live in a video game from his childhood, a young woman deals with her father's illness as if she were When an electrical appliance breaks down, two scientists discuss possible time travel as the world collapses around them... <\/p>\n\n\n\n<p>The seven stories that make up Europe describe familiar everyday life in future scenarios, collective and individual apocalypses, and perhaps a common idea or theme: the way in which virtual spaces \u2013in frank competition with physical spaces\u2013 alter the conception of the public and the private. Imaginary worlds within reach, palpable and present in the daily life of some characters for whom reality only seems to provide devalued experiences. <\/p>\n\n\n\n<p>The author invents a future in a world with no apparent future, a future without a future condemned to look exclusively at the past.<\/p>\n<\/div>\n<\/div>\n\n\n\n<hr class=\"wp-block-separator has-alpha-channel-opacity\"\/>","protected":false},"excerpt":{"rendered":"<p>EUROPA Historias cortas \/ 144 p\u00e1ginas \/ 2014 \/ Ed. Gollar\u00edn Un padre de familia tiene el dudoso placer de ver los sue\u00f1os de su hijo adolescente en un reproductor virtual, un desempleado de larga duraci\u00f3n decide retirarse a vivir a un videojuego de su infancia, una joven se enfrenta a la enfermedad de su [&hellip;]<\/p>","protected":false},"author":1,"featured_media":0,"parent":0,"menu_order":0,"comment_status":"closed","ping_status":"closed","template":"","meta":{"footnotes":""},"class_list":["post-26","page","type-page","status-publish","hentry"],"_links":{"self":[{"href":"https:\/\/lopezcarrasco.com\/en\/wp-json\/wp\/v2\/pages\/26","targetHints":{"allow":["GET"]}}],"collection":[{"href":"https:\/\/lopezcarrasco.com\/en\/wp-json\/wp\/v2\/pages"}],"about":[{"href":"https:\/\/lopezcarrasco.com\/en\/wp-json\/wp\/v2\/types\/page"}],"author":[{"embeddable":true,"href":"https:\/\/lopezcarrasco.com\/en\/wp-json\/wp\/v2\/users\/1"}],"replies":[{"embeddable":true,"href":"https:\/\/lopezcarrasco.com\/en\/wp-json\/wp\/v2\/comments?post=26"}],"version-history":[{"count":7,"href":"https:\/\/lopezcarrasco.com\/en\/wp-json\/wp\/v2\/pages\/26\/revisions"}],"predecessor-version":[{"id":304,"href":"https:\/\/lopezcarrasco.com\/en\/wp-json\/wp\/v2\/pages\/26\/revisions\/304"}],"wp:attachment":[{"href":"https:\/\/lopezcarrasco.com\/en\/wp-json\/wp\/v2\/media?parent=26"}],"curies":[{"name":"wp","href":"https:\/\/api.w.org\/{rel}","templated":true}]}}