{"id":24,"date":"2023-05-05T10:33:46","date_gmt":"2023-05-05T10:33:46","guid":{"rendered":"https:\/\/lopezcarrasco.com\/?page_id=24"},"modified":"2023-05-08T22:17:18","modified_gmt":"2023-05-08T22:17:18","slug":"films","status":"publish","type":"page","link":"https:\/\/lopezcarrasco.com\/en\/films\/","title":{"rendered":"Films"},"content":{"rendered":"<div class=\"wp-block-columns alignwide is-layout-flex wp-container-core-columns-is-layout-9d6595d7 wp-block-columns-is-layout-flex\">\n<div class=\"wp-block-column is-layout-flow wp-block-column-is-layout-flow\">\n<div class=\"wp-block-group has-background\" style=\"background-color:#ffffff\"><div class=\"wp-block-group__inner-container is-layout-flow wp-block-group-is-layout-flow\">\n<h2 class=\"wp-block-heading has-text-align-center\">Solo works<\/h2>\n\n\n\n<p class=\"has-text-align-center\">Solo works, both directed and produced.<\/p>\n\n\n\n<div class=\"wp-block-buttons is-content-justification-center is-layout-flex wp-container-core-buttons-is-layout-16018d1d wp-block-buttons-is-layout-flex\">\n<div class=\"wp-block-button is-style-outline is-style-outline--1\"><a class=\"wp-block-button__link wp-element-button\" href=\"https:\/\/lopezcarrasco.com\/en\/solo-works\/\">EXPLORE<\/a><\/div>\n<\/div>\n<\/div><\/div>\n<\/div>\n\n\n\n<div class=\"wp-block-column is-layout-flow wp-block-column-is-layout-flow\">\n<div class=\"wp-block-group has-background\" style=\"background-color:#ffffff\"><div class=\"wp-block-group__inner-container is-layout-flow wp-block-group-is-layout-flow\">\n<h2 class=\"wp-block-heading has-text-align-center\">Los Hijos Collective<\/h2>\n\n\n\n<p class=\"has-text-align-center\">Javier Fern\u00e1ndez, Luis L\u00f3pez Carrasco y Natalia Mar\u00edn are Los Hijos Colective<\/p>\n\n\n\n<div class=\"wp-block-buttons is-content-justification-center is-layout-flex wp-container-core-buttons-is-layout-16018d1d wp-block-buttons-is-layout-flex\">\n<div class=\"wp-block-button is-style-outline is-style-outline--2\"><a class=\"wp-block-button__link wp-element-button\" href=\"https:\/\/lopezcarrasco.com\/en\/works-with-colectivo-los-hijos\/\">EXPLORE<\/a><\/div>\n<\/div>\n<\/div><\/div>\n<\/div>\n<\/div>\n\n\n\n<h2 class=\"wp-block-heading has-text-align-center\">About Los Hijos<\/h2>\n\n\n\n<p class=\"has-drop-cap\">The experimental and documentary film collective Los Hijos, made up of Javier Fern\u00e1ndez V\u00e1zquez (Bilbao, 1980), Luis L\u00f3pez Carrasco (Murcia, 1981) and Natalia Mar\u00edn Sancho (Zaragoza, 1982) was founded in 2008.<\/p>\n\n\n\n<figure class=\"wp-block-image size-large\"><img loading=\"lazy\" decoding=\"async\" width=\"1024\" height=\"441\" src=\"https:\/\/lopezcarrasco.com\/wp-content\/uploads\/2023\/05\/los-hijos-1024x441.jpg\" alt=\"\" class=\"wp-image-260\" srcset=\"https:\/\/lopezcarrasco.com\/wp-content\/uploads\/2023\/05\/los-hijos-1024x441.jpg 1024w, https:\/\/lopezcarrasco.com\/wp-content\/uploads\/2023\/05\/los-hijos-300x129.jpg 300w, https:\/\/lopezcarrasco.com\/wp-content\/uploads\/2023\/05\/los-hijos-768x331.jpg 768w, https:\/\/lopezcarrasco.com\/wp-content\/uploads\/2023\/05\/los-hijos-18x8.jpg 18w, https:\/\/lopezcarrasco.com\/wp-content\/uploads\/2023\/05\/los-hijos.jpg 1181w\" sizes=\"auto, (max-width: 1024px) 100vw, 1024px\" \/><\/figure>\n\n\n\n<p>His work, which alternates documentary recording with formal experimentation, is located in the borderland where avant-garde cinema, ethnographic research and video art come together.<\/p>\n\n\n\n<div class=\"wp-block-buttons is-layout-flex wp-block-buttons-is-layout-flex\">\n<div class=\"wp-block-button\"><a class=\"wp-block-button__link wp-element-button\">Los Hijos' Website<\/a><\/div>\n<\/div>","protected":false},"excerpt":{"rendered":"<p>En Solitario Cine dirigido y producido en solitario como director y productor. Colectivo Los Hijos Compuesto por Javier Fern\u00e1ndez, Luis L\u00f3pez Carrasco y Natalia Mar\u00edn. Acerca de Los Hijos El colectivo de cine experimental y documental Los Hijos, compuesto por Javier Fern\u00e1ndez V\u00e1zquez (Bilbao, 1980), Luis L\u00f3pez Carrasco (Murcia, 1981) y Natalia Mar\u00edn Sancho (Zaragoza, [&hellip;]<\/p>","protected":false},"author":1,"featured_media":0,"parent":0,"menu_order":0,"comment_status":"closed","ping_status":"closed","template":"","meta":{"footnotes":""},"class_list":["post-24","page","type-page","status-publish","hentry"],"_links":{"self":[{"href":"https:\/\/lopezcarrasco.com\/en\/wp-json\/wp\/v2\/pages\/24","targetHints":{"allow":["GET"]}}],"collection":[{"href":"https:\/\/lopezcarrasco.com\/en\/wp-json\/wp\/v2\/pages"}],"about":[{"href":"https:\/\/lopezcarrasco.com\/en\/wp-json\/wp\/v2\/types\/page"}],"author":[{"embeddable":true,"href":"https:\/\/lopezcarrasco.com\/en\/wp-json\/wp\/v2\/users\/1"}],"replies":[{"embeddable":true,"href":"https:\/\/lopezcarrasco.com\/en\/wp-json\/wp\/v2\/comments?post=24"}],"version-history":[{"count":9,"href":"https:\/\/lopezcarrasco.com\/en\/wp-json\/wp\/v2\/pages\/24\/revisions"}],"predecessor-version":[{"id":264,"href":"https:\/\/lopezcarrasco.com\/en\/wp-json\/wp\/v2\/pages\/24\/revisions\/264"}],"wp:attachment":[{"href":"https:\/\/lopezcarrasco.com\/en\/wp-json\/wp\/v2\/media?parent=24"}],"curies":[{"name":"wp","href":"https:\/\/api.w.org\/{rel}","templated":true}]}}